{"id":72,"date":"2016-03-03T14:55:49","date_gmt":"2016-03-03T13:55:49","guid":{"rendered":"http:\/\/franziskus-ameland.de\/?page_id=72"},"modified":"2025-12-17T13:48:36","modified_gmt":"2025-12-17T12:48:36","slug":"startseite","status":"publish","type":"page","link":"https:\/\/franziskus-ameland.de\/","title":{"rendered":""},"content":{"rendered":"\n<h1 style=\"text-align: center;\">Ferienlager 2026&nbsp;<\/h1>\n\n\n<div class=\"wp-block-image\">\n<figure class=\"aligncenter\"><img loading=\"lazy\" decoding=\"async\" width=\"300\" height=\"300\" src=\"http:\/\/franziskus-ameland.de\/wp-content\/uploads\/2019\/12\/IMG-20191204-WA0008-300x300.jpg\" alt=\"\" class=\"wp-image-1082\" srcset=\"https:\/\/franziskus-ameland.de\/wp-content\/uploads\/2019\/12\/IMG-20191204-WA0008-300x300.jpg 300w, https:\/\/franziskus-ameland.de\/wp-content\/uploads\/2019\/12\/IMG-20191204-WA0008-1024x1024.jpg 1024w, https:\/\/franziskus-ameland.de\/wp-content\/uploads\/2019\/12\/IMG-20191204-WA0008-150x150.jpg 150w, https:\/\/franziskus-ameland.de\/wp-content\/uploads\/2019\/12\/IMG-20191204-WA0008-768x768.jpg 768w, https:\/\/franziskus-ameland.de\/wp-content\/uploads\/2019\/12\/IMG-20191204-WA0008-1536x1536.jpg 1536w, https:\/\/franziskus-ameland.de\/wp-content\/uploads\/2019\/12\/IMG-20191204-WA0008.jpg 1600w\" sizes=\"(max-width: 300px) 100vw, 300px\" \/><\/figure><\/div>\n\n\n<p class=\"has-text-align-center\"><strong><\/strong><\/p>\n\n\n\n<p class=\"has-text-align-center\"><strong>Willkommen auf der Internetseite des St. Franziskus Amelandlagers.<\/strong><\/p>\n\n\n\n<p class=\"has-text-align-center\"><strong>Aktuelles und Termine zum Amelandlager 2026<br><\/strong><\/p>\n\n\n\n<p class=\"p1\" style=\"text-align: center;\">Die St.-Franziskus-Gemeinde veranstaltet auch 2026 wieder ihr<\/p>\n<p class=\"p1\" style=\"text-align: center;\">Ferienlager auf Ameland. Vom <b>6. bis 20. August 2026 <\/b>verbringen Kinder im Alter von 8 bis 14 Jahren zwei Wochen voller Abenteuer, Gemeinschaft und Erlebnisse in den D\u00fcnen.<\/p>\n\n\n\n<p class=\"has-text-align-center\">Wer noch nie im Vellerner Lager mitgefahren ist, kann sich <a href=\"http:\/\/franziskus-ameland.de\/wp-content\/uploads\/2022\/01\/ameland-poster.pdf\" target=\"_blank\" rel=\"noopener\">hier<\/a> erstmal einen \u00dcberblick verschaffen!<\/p>\n\n\n\n<p class=\"has-text-align-center\">Das <strong>Infoblatt zur Anmeldung sowie das Anmeldeformular<\/strong> kann unter <strong><a href=\"http:\/\/franziskus-ameland.de\/?page_id=933\">Downloads <\/a><\/strong>heruntergeladen werden. Die ausgef\u00fcllte Anmeldung kann im Pfarrb\u00fcro in Neubeckum abgegeben werden.<\/p>\n\n\n\n<p><\/p>\n\n\n\n<p class=\"has-text-align-center\">Ihr k\u00f6nnt auch in den <a href=\"http:\/\/franziskus-ameland.de\/?p=861\">Bildergalerien<\/a> oder im <a href=\"http:\/\/franziskus-ameland.de\/?p=1346\">Lagerblog von 2022<\/a> schnuppern, und einen Eindruck bekommen, was man auf Ameland so macht!<\/p>\n\n\n\n<p class=\"has-text-align-center\">Weiterhin gibt es in der Rubrik Bilder und wissenswertes \u00fcber die Geschichte des Lagers und derletzten Jahre<\/p>\n\n\n\n<p class=\"has-text-align-center\">Ganz besonders m\u00f6chten wir nochmal allen Sponsoren danken! Ob Sachspende oder auch eine Geldspende &#8211; So waren wir wieder in der lage viele tolle dinge im Lager machen&#8230;<\/p>\n\n\n\n<hr class=\"wp-block-separator has-css-opacity\"\/>\n\n\n\n<h2 style=\"text-align: center;\"><u>Gro\u00dfer Spendenlauf von Fit2Run-Beckum f\u00fcr die Ameland Kids der Ferienfreizeit St. Franziskus zum 40-j\u00e4hrigen Jubil\u00e4um<\/u><\/h2>\n<p>Auf geht\u2019s ins Jubil\u00e4ums Jahr, wie bereits 2022 unterst\u00fctzen uns auch in diesem Jahr Martin und Nicole Franzke gemeinsam mit dem Fit2Run-Beckum Team. 2022 lief Martin f\u00fcr unsere Ferienfreizeit 3 Marathons in 49 Tagen (Hannover, Helgoland und den Rennsteig Marathon). Es war sportlich eine absolute Spitzenleistung und er sammelte eine betr\u00e4chtliche Spendensumme, die den Kindern der Ferienfreizeit unvergessliche Tage auf Ameland erm\u00f6glichte.<\/p>\n<p><img loading=\"lazy\" decoding=\"async\" class=\"aligncenter wp-image-1744 size-full\" src=\"http:\/\/franziskus-ameland.de\/wp-content\/uploads\/2024\/03\/IMG-20240312-WA0111.jpg\" alt=\"\" width=\"2048\" height=\"1365\" srcset=\"https:\/\/franziskus-ameland.de\/wp-content\/uploads\/2024\/03\/IMG-20240312-WA0111.jpg 2048w, https:\/\/franziskus-ameland.de\/wp-content\/uploads\/2024\/03\/IMG-20240312-WA0111-300x200.jpg 300w, https:\/\/franziskus-ameland.de\/wp-content\/uploads\/2024\/03\/IMG-20240312-WA0111-1024x683.jpg 1024w, https:\/\/franziskus-ameland.de\/wp-content\/uploads\/2024\/03\/IMG-20240312-WA0111-768x512.jpg 768w, https:\/\/franziskus-ameland.de\/wp-content\/uploads\/2024\/03\/IMG-20240312-WA0111-1536x1024.jpg 1536w\" sizes=\"(max-width: 2048px) 100vw, 2048px\" \/>Gemeinsam f\u00fcr die Ameland Kids und eine tolle Ferienfreizeit<\/p>\n<p>Diese kreative Idee hatten Martin und Nicole Franzke in diesem Jahr. \u201eRunning with a smile-jeder Kilometer z\u00e4hlt\u201c.<\/p>\n<p><strong>The Challenge: <\/strong>Insgesamt 50 L\u00e4uferinnen und L\u00e4ufer von Fit2Run-Beckum sind am Start und hoch motiviert, uns auch in diesem Jahr zu unterst\u00fctzen. Sie laufen im Zeitraum vom 1. M\u00e4rz bis zum 1 Mai flei\u00dfig und sammeln Kilometer. Ob bei ihren Trainingseinheiten, beim Wettkampf, privat, alleine oder mit Freunden. Der Spa\u00df steht \u00fcber allem und wir sind sehr gespannt, welche Gesamtkilometerzahl am Ende gemeinsam erlaufen werden kann. Ach ja, einige Betreuer aus dem Ameland Team laufen auch mit und geben ihr Bestes.<\/p>\n<p>Jeder ist eingeladen, die Aktion zu sponsern. Es kann sowohl pro gelaufenen Kilometer, als auch ein fester Geldbetrag gespendet werden. Spendenquittungen werden selbstverst\u00e4ndlich ausgestellt.<\/p>\n<p>Das Ameland-Team der Gemeinde St. Franziskus f\u00e4hrt ehrenamtlich vom 24.07.-07.08.2024 mit insgesamt 100 Kindern, Betreuern und Kochfrauen auf die wundersch\u00f6ne Insel Ameland.<\/p>\n<p>Wir freuen uns sehr \u00fcber die Unterst\u00fctzung von Martin und Nicole Franzke, sowie allen Athleten von Fit2Run-Beckum. Wir dr\u00fccken fest die Daumen, dass die Sponsoren-Aktion ein voller Erfolg wird. Wir halten euch auf dem Laufenden.<\/p>\n<p>&nbsp;<\/p>\n<p>Stefan Kischel und das gesamte Ameland Team<\/p>\n<p>&nbsp;<\/p>\n<p>&nbsp;<\/p>\n<p>&nbsp;<\/p>\n<p>&nbsp;<\/p>\n\n\n\n<p><\/p>\n\n\n\n<p class=\"has-text-align-center\">&nbsp;<\/p>\n\n\n","protected":false},"excerpt":{"rendered":"<p>Ferienlager 2026&nbsp; Willkommen auf der Internetseite des St. Franziskus Amelandlagers. Aktuelles und Termine zum Amelandlager 2026&#8230;<\/p>\n","protected":false},"author":1,"featured_media":0,"parent":0,"menu_order":0,"comment_status":"closed","ping_status":"closed","template":"","meta":{"ngg_post_thumbnail":0,"footnotes":""},"class_list":["post-72","page","type-page","status-publish","hentry"],"_links":{"self":[{"href":"https:\/\/franziskus-ameland.de\/index.php?rest_route=\/wp\/v2\/pages\/72"}],"collection":[{"href":"https:\/\/franziskus-ameland.de\/index.php?rest_route=\/wp\/v2\/pages"}],"about":[{"href":"https:\/\/franziskus-ameland.de\/index.php?rest_route=\/wp\/v2\/types\/page"}],"author":[{"embeddable":true,"href":"https:\/\/franziskus-ameland.de\/index.php?rest_route=\/wp\/v2\/users\/1"}],"replies":[{"embeddable":true,"href":"https:\/\/franziskus-ameland.de\/index.php?rest_route=%2Fwp%2Fv2%2Fcomments&post=72"}],"version-history":[{"count":58,"href":"https:\/\/franziskus-ameland.de\/index.php?rest_route=\/wp\/v2\/pages\/72\/revisions"}],"predecessor-version":[{"id":2332,"href":"https:\/\/franziskus-ameland.de\/index.php?rest_route=\/wp\/v2\/pages\/72\/revisions\/2332"}],"wp:attachment":[{"href":"https:\/\/franziskus-ameland.de\/index.php?rest_route=%2Fwp%2Fv2%2Fmedia&parent=72"}],"curies":[{"name":"wp","href":"https:\/\/api.w.org\/{rel}","templated":true}]}}